{"id":1067,"date":"2026-01-24T13:15:52","date_gmt":"2026-01-24T12:15:52","guid":{"rendered":"https:\/\/eberhard-zangger.info\/1067-2\/"},"modified":"2026-02-18T13:47:13","modified_gmt":"2026-02-18T12:47:13","slug":"1067-2","status":"publish","type":"page","link":"https:\/\/eberhard-zangger.info\/de\/","title":{"rendered":""},"content":{"rendered":"<div class=\"wpb-content-wrapper\"><p>[vc_row row_height_percent=&#8220;0&#8243; overlay_alpha=&#8220;50&#8243; gutter_size=&#8220;3&#8243; column_width_percent=&#8220;100&#8243; shift_y=&#8220;0&#8243; z_index=&#8220;0&#8243; content_parallax=&#8220;0&#8243; uncode_shortcode_id=&#8220;877168&#8243;][vc_column width=&#8220;1\/1&#8243;][vc_separator sep_color=&#8220;color-814396&#8243; uncode_shortcode_id=&#8220;175551&#8243; sep_color_type=&#8220;uncode-palette&#8220; el_width=&#8220;100px&#8220;][vc_custom_heading heading_semantic=&#8220;h1&#8243; uncode_shortcode_id=&#8220;186528&#8243;]Dr. phil. (USA) Eberhard Zangger[\/vc_custom_heading][\/vc_column][\/vc_row][vc_row row_height_percent=&#8220;0&#8243; overlay_alpha=&#8220;50&#8243; gutter_size=&#8220;3&#8243; column_width_percent=&#8220;100&#8243; shift_y=&#8220;0&#8243; z_index=&#8220;0&#8243; content_parallax=&#8220;0&#8243; uncode_shortcode_id=&#8220;706073&#8243;][vc_column width=&#8220;1\/1&#8243;][vc_single_image media=&#8220;1066&#8243; media_width_percent=&#8220;100&#8243; uncode_shortcode_id=&#8220;620730&#8243;][vc_column_text uncode_shortcode_id=&#8220;108280&#8243;]Dr. Eberhard Zangger ist ein deutsch-schweizerischer Geologe, Arch\u00e4ologe und Anthropologe. Er untersucht vorwiegend bronzezeitliche Gesellschaften im \u00f6stlichen Mittelmeerraum und verbindet dabei naturwissenschaftliche mit sozialwissenschaftlichen Methoden.<\/p>\n<p>Zangger studierte Geologie an der Christian-Albrechts-Universit\u00e4t in Kiel und an der Stanford University in Kalifornien, wo er mit einer geoarch\u00e4ologischen Arbeit \u00fcber die Argolis promovierte. Darauf folgten Forschungsaufenthalte an der University of Cambridge in Gro\u00dfbritannien. 2014 war er Mitbegr\u00fcnder von Luwian Studies, einer internationalen gemeinn\u00fctzigen Stiftung, die sich der Erforschung bronzezeitlicher Kulturen in Westkleinasien widmet und die Zangger seither pr\u00e4sidiert. Von 2020 bis 2024 absolvierte er schlie\u00dflich einen Masterstudiengang in Arch\u00e4ologie und Anthropologie an der Harvard University, um seinen interdisziplin\u00e4ren Ansatz gezielt weiterzuentwickeln.<\/p>\n<p>Zanggers Forschung bewegt sich an der Schnittstelle von Landschaftsrekonstruktion, Arch\u00e4ologie und der Interpretation fr\u00fcher Textquellen. Schwerpunkte sind die langfristigen Wechselwirkungen zwischen nat\u00fcrlicher Umgebung und Besiedlung sowie die Bedeutung geografischer Faktoren f\u00fcr die Entwicklung bronzezeitlicher Gesellschaften.[\/vc_column_text][vc_column_text uncode_shortcode_id=&#8220;126051&#8243;]<\/p>\n<h3><span style=\"color: #b55024;\">Biografie<\/span><\/h3>\n<p><strong>Stiftung Luwian Studies, Z\u00fcrich, Schweiz<br \/>\n<\/strong>Mitbegr\u00fcnder und Pr\u00e4sident | <a href=\"https:\/\/luwianstudies.org\/de\/medien\/medienberichte\/\" target=\"_blank\" rel=\"noopener\">Medienberichte<\/a><\/p>\n<p><strong>Harvard University, Cambridge, USA<\/strong><br \/>\nStudium der Arch\u00e4ologie und Anthropologie, Master of Liberal Arts (ALM)<\/p>\n<p><strong>University of Cambridge, Cambridge, Gro\u00dfbritannien<\/strong><br \/>\nSenior Research Associate und Research Fellow, Clare Hall<\/p>\n<p><strong>Stanford University, Palo Alto, USA<\/strong><br \/>\nDoktor der Geologie<\/p>\n<p><strong>Christian-Albrechts-Universit\u00e4t, Kiel, Deutschland<\/strong><br \/>\nStudium der Geologie und Pal\u00e4ontologie, Abschluss als Diplom-Geologe<\/p>\n<p><strong>Deutsches Bergbaumuseum, Bochum, Deutschland<\/strong><br \/>\nT\u00e4tigkeit als Techniker<\/p>\n<p><strong>Pr\u00e4paratorenschule, Bochum, Deutschland<\/strong><br \/>\nAusbildung zum geologischen Pr\u00e4parator<\/p>\n<p><strong>Senckenberg Naturmuseum, Frankfurt am Main, Deutschland<\/strong><br \/>\nAusbildung zum technischen Assistenten f\u00fcr Naturkundemuseen und Forschungsinstitute[\/vc_column_text][vc_column_text uncode_shortcode_id=&#8220;517876&#8243;]Diese Website gibt einen \u00dcberblick \u00fcber Eberhard Zanggers umfangreiche Forschung und verdeutlicht seinen integrativen Ansatz, der arch\u00e4ologische Befunde mit geologischen, \u00f6kologischen und historischen Modellen zusammenf\u00fchrt.[\/vc_column_text][vc_empty_space empty_h=&#8220;2&#8243;][\/vc_column][\/vc_row]<\/p>\n<\/div>","protected":false},"excerpt":{"rendered":"<p>[vc_row row_height_percent=&#8220;0&#8243; overlay_alpha=&#8220;50&#8243; gutter_size=&#8220;3&#8243; column_width_percent=&#8220;100&#8243; shift_y=&#8220;0&#8243; z_index=&#8220;0&#8243; content_parallax=&#8220;0&#8243; uncode_shortcode_id=&#8220;877168&#8243;][vc_column width=&#8220;1\/1&#8243;][vc_separator sep_color=&#8220;color-814396&#8243; uncode_shortcode_id=&#8220;175551&#8243; sep_color_type=&#8220;uncode-palette&#8220; el_width=&#8220;100px&#8220;][vc_custom_heading heading_semantic=&#8220;h1&#8243; uncode_shortcode_id=&#8220;186528&#8243;]Dr. phil. (USA) Eberhard Zangger[\/vc_custom_heading][\/vc_column][\/vc_row][vc_row [&hellip;]<\/p>\n","protected":false},"author":1,"featured_media":0,"parent":0,"menu_order":0,"comment_status":"closed","ping_status":"closed","template":"","meta":{"slim_seo":{"title":"Dr. Eberhard Zangger | Arch\u00e4ologie und Geologie","description":"Dr. Eberhard Zangger ist ein deutsch-schweizerischer Geologe, Arch\u00e4ologe und Anthropologe, bronzezeitliche Kulturen im \u00f6stlichen Mittelmeerraum erforscht."},"footnotes":""},"class_list":["post-1067","page","type-page","status-publish","hentry"],"_links":{"self":[{"href":"https:\/\/eberhard-zangger.info\/de\/wp-json\/wp\/v2\/pages\/1067","targetHints":{"allow":["GET"]}}],"collection":[{"href":"https:\/\/eberhard-zangger.info\/de\/wp-json\/wp\/v2\/pages"}],"about":[{"href":"https:\/\/eberhard-zangger.info\/de\/wp-json\/wp\/v2\/types\/page"}],"author":[{"embeddable":true,"href":"https:\/\/eberhard-zangger.info\/de\/wp-json\/wp\/v2\/users\/1"}],"replies":[{"embeddable":true,"href":"https:\/\/eberhard-zangger.info\/de\/wp-json\/wp\/v2\/comments?post=1067"}],"version-history":[{"count":3,"href":"https:\/\/eberhard-zangger.info\/de\/wp-json\/wp\/v2\/pages\/1067\/revisions"}],"predecessor-version":[{"id":1199,"href":"https:\/\/eberhard-zangger.info\/de\/wp-json\/wp\/v2\/pages\/1067\/revisions\/1199"}],"wp:attachment":[{"href":"https:\/\/eberhard-zangger.info\/de\/wp-json\/wp\/v2\/media?parent=1067"}],"curies":[{"name":"wp","href":"https:\/\/api.w.org\/{rel}","templated":true}]}}