{"id":1252,"date":"2026-01-25T16:16:17","date_gmt":"2026-01-25T15:16:17","guid":{"rendered":"https:\/\/eberhard-zangger.info\/datenschutz\/"},"modified":"2026-02-15T09:53:21","modified_gmt":"2026-02-15T08:53:21","slug":"datenschutz","status":"publish","type":"page","link":"https:\/\/eberhard-zangger.info\/de\/datenschutz\/","title":{"rendered":"Datenschutz"},"content":{"rendered":"<div class=\"wpb-content-wrapper\"><p>[vc_row][vc_column width=&#8220;1\/1&#8243;][vc_separator sep_color=&#8220;color-814396&#8243; uncode_shortcode_id=&#8220;175551&#8243; sep_color_type=&#8220;uncode-palette&#8220; el_width=&#8220;100px&#8220;][vc_custom_heading heading_semantic=&#8220;h1&#8243; text_size=&#8220;h1&#8243; uncode_shortcode_id=&#8220;381858&#8243;]Datenschutzerkl\u00e4rung[\/vc_custom_heading][\/vc_column][\/vc_row][vc_row][vc_column width=&#8220;1\/1&#8243;][vc_column_text uncode_shortcode_id=&#8220;452906&#8243;]Zuletzt aktualisiert: 25.01.2026<\/p>\n<h3>1.\u00a0 Verantwortlich f\u00fcr diese Website<\/h3>\n<p>Luwian Studies<br \/>Fraum\u00fcnsterstrasse 11<br \/>8001 Z\u00fcrich<br \/>Schweiz<br \/><a href=\"mailto:info@luwianstudies.org\">info@luwianstudies.org<\/a>[\/vc_column_text][vc_column_text uncode_shortcode_id=&#8220;128340&#8243;]<\/p>\n<h3>2.\u00a0 Allgemeine Informationen<\/h3>\n<p>Wir behandeln Ihre personenbezogenen Daten vertraulich und gem\u00e4\u00df den gesetzlichen Datenschutzbestimmungen sowie dieser Datenschutzerkl\u00e4rung.[\/vc_column_text][vc_column_text uncode_shortcode_id=&#8220;835547&#8243;]<\/p>\n<h3>3.\u00a0 Datenerfassung auf dieser Website<\/h3>\n<p><\/p>\n<h4>3.1\u00a0 \u00a0Server-Logfiles<\/h4>\n<p>Unser Hosting-Anbieter erhebt und speichert automatisch Informationen in sogenannten Server-Logfiles, die Ihr Browser automatisch an uns \u00fcbermittelt. Dies sind:<\/p>\n<ul>\n<li>IP-Adresse<\/li>\n<li>Browsertyp und -version<\/li>\n<li>Verwendetes Betriebssystem<\/li>\n<li>Referrer-URL (zuvor besuchte Seite)<\/li>\n<li>Hostname des zugreifenden Computers<\/li>\n<li>Datum und Uhrzeit der Anfrage<\/li>\n<\/ul>\n<p>Diese Daten k\u00f6nnen keinen bestimmten Personen zugeordnet werden und werden nicht mit anderen Datenquellen zusammengef\u00fchrt. Wir behalten uns vor, diese Daten nachtr\u00e4glich zu \u00fcberpr\u00fcfen, wenn uns konkrete Anhaltspunkte f\u00fcr eine rechtswidrige Nutzung bekannt werden.<\/p>\n<p>Hosting-Provider:<br \/>Cyon GmbH<br \/>Brunng\u00e4sslein 12<br \/>4052 Basel<br \/>Schweiz<br \/>Website: <a href=\"https:\/\/www.cyon.ch\" target=\"_blank\" rel=\"noopener\">https:\/\/www.cyon.ch<\/a><br \/>Datenschutz: <a href=\"https:\/\/www.cyon.ch\/legal\/datenschutzerklaerung\" target=\"_blank\" rel=\"noopener\">https:\/\/www.cyon.ch\/legal\/datenschutzerklaerung<\/a><\/p>\n<p>Die Server befinden sich in der Schweiz.<\/p>\n<h4>3.2\u00a0 \u00a0Cookies<\/h4>\n<p>Diese Website benutzt Google Analytics, einen Webanalysedienst von Google LLC, 1600 Amphitheatre Parkway, Mountain View, CA 94043, USA (\u201eGoogle\u201c).<\/p>\n<p><strong>Funktionsweise von Google Analytics<\/strong><br \/>Google Analytics verwendet Cookies, um das Nutzerverhalten bei Besuchen dieser Website zu analysieren. Die generierten Informationen (einschlie\u00dflich der anonymisierten IP-Adresse des Nutzers) werden an einen Google-Server in den USA gesendet und dort gespeichert.<\/p>\n<p><strong>Datenverarbeitung und Datenschutz<\/strong><br \/>Google verwendet diese Informationen, um das Nutzungsverhalten bez\u00fcglich dieser Website auszuwerten und damit in Zusammenhang stehende Leistungen zu erbringen. Google gibt diese Informationen unter Umst\u00e4nden an Dritte weiter, insbesondere wenn dies per Gesetz erforderlich ist oder die Informationen im Auftrag von Google weiterverarbeitet werden. Google wird in keinem Fall Ihre IP-Adresse mit anderen Daten von Google in Verbindung bringen.<\/p>\n<p><strong>Widerspruch und Einwilligung<\/strong><br \/>Sie k\u00f6nnen die Erfassung der Daten im Zusammenhang mit Google Analytics und deren Verarbeitung durch Google auf dieser Website ablehnen. Alternativ k\u00f6nnen Sie die Speicherung von Cookies generell verhindern, indem Sie die entsprechenden Einstellungen in Ihrem Browser vornehmen. Wenn Sie dem Tracking auf dieser Website zustimmen, erkl\u00e4ren Sie sich mit der Verarbeitung Ihrer Daten durch Google in der oben beschriebenen Weise und zu den oben genannten Zwecken einverstanden.<\/p>\n<p>Weitere Informationen finden Sie in der <a href=\"https:\/\/policies.google.com\/privacy?hl=de-DE\" target=\"_blank\" rel=\"noopener\">Datenschutzerkl\u00e4rung von Google<\/a>.[\/vc_column_text][vc_column_text uncode_shortcode_id=&#8220;149966&#8243;]<\/p>\n<h3>4.\u00a0 Ihre Rechte<\/h3>\n<p>Sie haben folgende Rechte in Bezug auf Ihre personenbezogenen Daten:<\/p>\n<ul>\n<li>Recht auf Auskunft<br \/>\nRecht auf Berichtigung oder L\u00f6schung<br \/>\nRecht auf Einschr\u00e4nkung der Verarbeitung<br \/>\nRecht auf Widerspruch gegen die Verarbeitung<br \/>\nRecht auf Daten\u00fcbertragbarkeit<\/li>\n<\/ul>\n<p>Sie haben au\u00dferdem das Recht, bei einer Datenschutzaufsichtsbeh\u00f6rde Beschwerde gegen die Verarbeitung Ihrer personenbezogenen Daten durch uns einzulegen.[\/vc_column_text][vc_column_text uncode_shortcode_id=&#8220;108683&#8243;]<\/p>\n<h3>5.\u00a0 Kontakt<\/h3>\n<p>Wenn Sie Fragen zum Datenschutz haben, schreiben Sie uns bitte eine <a href=\"mailto:info@luwianstudies.org\">E-Mail<\/a> oder kontaktieren Sie uns \u00fcber die im Abschnitt 1 angegebenen Kontaktdaten.<\/p>\n<p>[\/vc_column_text][vc_empty_space empty_h=&#8220;2&#8243;][\/vc_column][\/vc_row]<\/p>\n<\/div>","protected":false},"excerpt":{"rendered":"<p>[vc_row][vc_column width=&#8220;1\/1&#8243;][vc_separator sep_color=&#8220;color-814396&#8243; uncode_shortcode_id=&#8220;175551&#8243; sep_color_type=&#8220;uncode-palette&#8220; el_width=&#8220;100px&#8220;][vc_custom_heading heading_semantic=&#8220;h1&#8243; text_size=&#8220;h1&#8243; uncode_shortcode_id=&#8220;381858&#8243;]Datenschutzerkl\u00e4rung[\/vc_custom_heading][\/vc_column][\/vc_row][vc_row][vc_column width=&#8220;1\/1&#8243;][vc_column_text uncode_shortcode_id=&#8220;452906&#8243;]Zuletzt aktualisiert: 25.01.2026 1.\u00a0 Verantwortlich f\u00fcr diese Website Luwian StudiesFraum\u00fcnsterstrasse [&hellip;]<\/p>\n","protected":false},"author":1,"featured_media":0,"parent":0,"menu_order":0,"comment_status":"closed","ping_status":"closed","template":"","meta":{"slim_seo":{"title":"Datenschutz - Eberhard Zangger","description":"[vc_row][vc_column width=\"1\/1\"][vc_separator sep_color=\"color-814396\" uncode_shortcode_id=\"175551\" sep_color_type=\"uncode-palette\" el_width=\"100px\"][vc_custom_h"},"footnotes":""},"class_list":["post-1252","page","type-page","status-publish","hentry"],"_links":{"self":[{"href":"https:\/\/eberhard-zangger.info\/de\/wp-json\/wp\/v2\/pages\/1252","targetHints":{"allow":["GET"]}}],"collection":[{"href":"https:\/\/eberhard-zangger.info\/de\/wp-json\/wp\/v2\/pages"}],"about":[{"href":"https:\/\/eberhard-zangger.info\/de\/wp-json\/wp\/v2\/types\/page"}],"author":[{"embeddable":true,"href":"https:\/\/eberhard-zangger.info\/de\/wp-json\/wp\/v2\/users\/1"}],"replies":[{"embeddable":true,"href":"https:\/\/eberhard-zangger.info\/de\/wp-json\/wp\/v2\/comments?post=1252"}],"version-history":[{"count":2,"href":"https:\/\/eberhard-zangger.info\/de\/wp-json\/wp\/v2\/pages\/1252\/revisions"}],"predecessor-version":[{"id":1254,"href":"https:\/\/eberhard-zangger.info\/de\/wp-json\/wp\/v2\/pages\/1252\/revisions\/1254"}],"wp:attachment":[{"href":"https:\/\/eberhard-zangger.info\/de\/wp-json\/wp\/v2\/media?parent=1252"}],"curies":[{"name":"wp","href":"https:\/\/api.w.org\/{rel}","templated":true}]}}