{"id":619,"date":"2026-01-24T14:08:51","date_gmt":"2026-01-24T13:08:51","guid":{"rendered":"https:\/\/eberhard-zangger.info\/kontakt\/"},"modified":"2026-02-18T13:48:39","modified_gmt":"2026-02-18T12:48:39","slug":"kontakt","status":"publish","type":"page","link":"https:\/\/eberhard-zangger.info\/de\/kontakt\/","title":{"rendered":"Kontakt"},"content":{"rendered":"<div class=\"wpb-content-wrapper\"><p>[vc_row][vc_column width=&#8220;1\/1&#8243;][vc_separator sep_color=&#8220;color-814396&#8243; uncode_shortcode_id=&#8220;175551&#8243; sep_color_type=&#8220;uncode-palette&#8220; el_width=&#8220;100px&#8220;][vc_custom_heading auto_text=&#8220;yes&#8220; heading_semantic=&#8220;h1&#8243; text_size=&#8220;h1&#8243; uncode_shortcode_id=&#8220;122757&#8243;]This is a custom heading element.[\/vc_custom_heading][\/vc_column][\/vc_row][vc_row][vc_column width=&#8220;1\/1&#8243;][vc_single_image media=&#8220;618&#8243; media_width_percent=&#8220;100&#8243; uncode_shortcode_id=&#8220;871834&#8243;][\/vc_column][\/vc_row][vc_row][vc_column width=&#8220;1\/1&#8243;][vc_column_text uncode_shortcode_id=&#8220;159911&#8243;]F\u00fcr Publikationen, Forschungskooperationen, Vortr\u00e4ge oder weitere Ausk\u00fcnfte wenden Sie sich bitte an: <\/p>\n<p>Luwian Studies<br \/>Fraum\u00fcnsterstrasse 11<br \/>8001 Z\u00fcrich<br \/>Schweiz<\/p>\n<p><a href=\"mailto:info@luwianstudies.org\">info@luwianstudies.org\u00a0<\/a><br \/>+41 44 250 74 90[\/vc_column_text][vc_empty_space empty_h=&#8220;2&#8243;][\/vc_column][\/vc_row]<\/p>\n<\/div>","protected":false},"excerpt":{"rendered":"<p>[vc_row][vc_column width=&#8220;1\/1&#8243;][vc_separator sep_color=&#8220;color-814396&#8243; uncode_shortcode_id=&#8220;175551&#8243; sep_color_type=&#8220;uncode-palette&#8220; el_width=&#8220;100px&#8220;][vc_custom_heading auto_text=&#8220;yes&#8220; heading_semantic=&#8220;h1&#8243; text_size=&#8220;h1&#8243; uncode_shortcode_id=&#8220;122757&#8243;]This is a custom heading element.[\/vc_custom_heading][\/vc_column][\/vc_row][vc_row][vc_column width=&#8220;1\/1&#8243;][vc_single_image media=&#8220;618&#8243; media_width_percent=&#8220;100&#8243; uncode_shortcode_id=&#8220;871834&#8243;][\/vc_column][\/vc_row][vc_row][vc_column width=&#8220;1\/1&#8243;][vc_column_text [&hellip;]<\/p>\n","protected":false},"author":1,"featured_media":0,"parent":0,"menu_order":0,"comment_status":"closed","ping_status":"closed","template":"","meta":{"slim_seo":{"title":"Kontakt | Eberhard Zangger","description":"F\u00fcr Publikationen, Forschungskooperationen, Vortr\u00e4ge oder weitere Ausk\u00fcnfte \u00fcber Eberhard Zangger wenden Sie sich bitte an Luwian Studies."},"footnotes":""},"class_list":["post-619","page","type-page","status-publish","hentry"],"_links":{"self":[{"href":"https:\/\/eberhard-zangger.info\/de\/wp-json\/wp\/v2\/pages\/619","targetHints":{"allow":["GET"]}}],"collection":[{"href":"https:\/\/eberhard-zangger.info\/de\/wp-json\/wp\/v2\/pages"}],"about":[{"href":"https:\/\/eberhard-zangger.info\/de\/wp-json\/wp\/v2\/types\/page"}],"author":[{"embeddable":true,"href":"https:\/\/eberhard-zangger.info\/de\/wp-json\/wp\/v2\/users\/1"}],"replies":[{"embeddable":true,"href":"https:\/\/eberhard-zangger.info\/de\/wp-json\/wp\/v2\/comments?post=619"}],"version-history":[{"count":3,"href":"https:\/\/eberhard-zangger.info\/de\/wp-json\/wp\/v2\/pages\/619\/revisions"}],"predecessor-version":[{"id":1339,"href":"https:\/\/eberhard-zangger.info\/de\/wp-json\/wp\/v2\/pages\/619\/revisions\/1339"}],"wp:attachment":[{"href":"https:\/\/eberhard-zangger.info\/de\/wp-json\/wp\/v2\/media?parent=619"}],"curies":[{"name":"wp","href":"https:\/\/api.w.org\/{rel}","templated":true}]}}